{"id":18911,"date":"2024-12-07T12:50:28","date_gmt":"2024-12-07T11:50:28","guid":{"rendered":"https:\/\/cistirna-matraci.cz\/?page_id=18911"},"modified":"2025-01-28T15:52:53","modified_gmt":"2025-01-28T14:52:53","slug":"price-list","status":"publish","type":"page","link":"https:\/\/cistirna-matraci.cz\/en\/price-list\/","title":{"rendered":"Price list"},"content":{"rendered":"<p>[et_pb_section fb_built=&#8221;1&#8243; admin_label=&#8221;Glob\u00e1ln\u00ed nadpis&#8221; _builder_version=&#8221;4.27.4&#8243; _module_preset=&#8221;default&#8221; background_color=&#8221;#fafafa&#8221; custom_padding=&#8221;30px||30px||true|false&#8221; border_width_top=&#8221;1px&#8221; border_color_top=&#8221;#EDEDED&#8221; border_width_bottom=&#8221;1px&#8221; border_color_bottom=&#8221;#EDEDED&#8221; saved_tabs=&#8221;all&#8221; global_colors_info=&#8221;{}&#8221;][et_pb_row _builder_version=&#8221;4.27.2&#8243; _module_preset=&#8221;default&#8221; global_colors_info=&#8221;%91%93&#8243;][et_pb_column type=&#8221;4_4&#8243; _builder_version=&#8221;4.27.2&#8243; _module_preset=&#8221;default&#8221; global_colors_info=&#8221;{}&#8221;][et_pb_text _builder_version=&#8221;4.27.2&#8243; _dynamic_attributes=&#8221;content&#8221; _module_preset=&#8221;default&#8221; text_font=&#8221;|700|||||||&#8221; header_font=&#8221;|600||on|||||&#8221; header_2_font=&#8221;|600|||||||&#8221; header_2_text_align=&#8221;left&#8221; header_3_text_align=&#8221;left&#8221; text_orientation=&#8221;center&#8221; header_font_size_tablet=&#8221;&#8221; header_font_size_phone=&#8221;26px&#8221; header_font_size_last_edited=&#8221;on|phone&#8221; global_colors_info=&#8221;%91%93&#8243;]@ET-DC@eyJkeW5hbWljIjp0cnVlLCJjb250ZW50IjoicG9zdF90aXRsZSIsInNldHRpbmdzIjp7ImJlZm9yZSI6IjxoMT4iLCJhZnRlciI6IjwvaDE+In19@[\/et_pb_text][\/et_pb_column][\/et_pb_row][\/et_pb_section][et_pb_section fb_built=&#8221;1&#8243; _builder_version=&#8221;4.27.2&#8243; _module_preset=&#8221;default&#8221; global_colors_info=&#8221;{}&#8221;][et_pb_row _builder_version=&#8221;4.27.2&#8243; _module_preset=&#8221;default&#8221; global_colors_info=&#8221;%91%93&#8243;][et_pb_column type=&#8221;4_4&#8243; _builder_version=&#8221;4.27.2&#8243; _module_preset=&#8221;default&#8221; global_colors_info=&#8221;{}&#8221;][et_pb_text _builder_version=&#8221;4.27.4&#8243; _module_preset=&#8221;default&#8221; header_font=&#8221;|600||on|||||&#8221; header_2_font=&#8221;|600|||||||&#8221; header_2_text_align=&#8221;left&#8221; header_3_text_align=&#8221;left&#8221; text_orientation=&#8221;justified&#8221; hover_enabled=&#8221;0&#8243; global_colors_info=&#8221;%91%93&#8243; sticky_enabled=&#8221;0&#8243;]<\/p>\n<p><strong>Mattress Cleaning<\/strong> mattress cleaning, dry mattress cleaning services are provided by the mattress cleaning company to our clients in the areas of deep mattress cleaning, steam mattress cleaning, mattress disinfection, mattress ozonation, mattress impregnation including the sale of special mattress cleaners according to your requirements in top quality according to our internal company standards, IICRC\u2122 guidelines and standards and the professionally implemented <strong>VIROBAG\u00ae<\/strong> system.<\/p>\n<p><img loading=\"lazy\" decoding=\"async\" class=\"alignnone wp-image-18497 size-full\" src=\"https:\/\/cistirna-matraci.cz\/wp-content\/uploads\/2024\/12\/Cistice-06.webp\" alt=\"Price List\" width=\"1200\" height=\"767\" srcset=\"https:\/\/cistirna-matraci.cz\/wp-content\/uploads\/2024\/12\/Cistice-06.webp 1200w, https:\/\/cistirna-matraci.cz\/wp-content\/uploads\/2024\/12\/Cistice-06-480x307.webp 480w\" sizes=\"(min-width: 0px) and (max-width: 480px) 480px, (min-width: 481px) 1200px, 100vw\" \/><\/p>\n<p><img loading=\"lazy\" decoding=\"async\" class=\"alignleft wp-image-19678\" src=\"https:\/\/cistirna-matraci.cz\/wp-content\/uploads\/2025\/01\/VIROBAG-logo-EN-trans.png\" alt=\"VIROBAG\" width=\"225\" height=\"81\" \/>The trade mark <strong>VIROBAG\u00ae<\/strong> defines the branded technology concept of a&nbsp;professionally qualified Kobercov\u00fd Servis\u00ae implementation company focused on the regular maintenance, cleaning, disinfection, impregnation of synthetic, natural, wool, silk and American-made mattresses, beds and textiles. This branded concept delivers the utmost professionalism in full synergy with maintaining ethical, environmental and quality performance standards, including a&nbsp;contractual guarantee of contractor services.<\/p>\n<p><strong>Mattress<\/strong> and sleep are two connected vessels. We sleep on a&nbsp;mattress for an average of 7 hours a&nbsp;day, spending 1\/3 of our total life on it. A&nbsp;standard mattress has a&nbsp;lifespan of up to 5-7 years on average and a&nbsp;premium mattress 10-15 years, making it the longest used piece of furniture in our home.<\/p>\n<h2>Service Price List<\/h2>\n<h3>Inspections \/ assessments \/ repairs \/ insurance claims<\/h3>\n<ul>\n<li>from 3.000,- CZK without VAT | mattress inspection and revision<\/li>\n<li>from 5.000,- CZK excluding VAT | mattress expert opinions<\/li>\n<li>from 3.000,- CZK excluding VAT | technical opinions of mattresses<\/li>\n<li>from 3.000,- CZK excluding VAT | damage and insurance claims<\/li>\n<\/ul>\n<h3>Single mattresses \/ 90-120 cm width<\/h3>\n<ul>\n<li>from 1.500,- CZK excluding VAT per piece | knocking &#8211; dry cleaning<\/li>\n<li>from 2.000,- CZK without VAT per piece | knocking &#8211; steam hot water cleaning<\/li>\n<li>from 2.000,- CZK excluding VAT per piece | knocking &#8211; dry foam cleaning<\/li>\n<li>from 2.000,- CZK without VAT per piece | ozone disinfection VIROBAG\u00ae<\/li>\n<li>from 2.000,- CZK without VAT per piece | disinfection with UV lamp POTEMA\u00ae<\/li>\n<li>from 1.000,- CZK without VAT per piece | antibacterial impregnation Dr. Schutz\u00ae<\/li>\n<\/ul>\n<h3>Double mattresses \/ 200-250 cm wide<\/h3>\n<ul>\n<li>from 2.500,- CZK without VAT per piece | knocking &#8211; dry cleaning<\/li>\n<li>from 3.000,- CZK without VAT per piece | knocking &#8211; steam hot water cleaning<\/li>\n<li>from 3.000,- CZK excluding VAT per piece | knocking &#8211; dry foam cleaning<\/li>\n<li>from 3.500,- CZK without VAT per piece | ozone disinfection VIROBAG\u00ae<\/li>\n<li>from 3.500,- CZK without VAT per piece | disinfection with UV lamp POTEMA\u00ae<\/li>\n<li>from 1.500,- CZK without VAT per piece | antibacterial impregnation Dr. Schutz\u00ae<\/li>\n<\/ul>\n<h3>Cleaning \/ disinfection \/ impregnation of natural carpets<\/h3>\n<ul>\n<li>from 750,- CZK without VAT per m2 | renovation cleaning of wool carpets<\/li>\n<li>from 550,- CZK excluding VAT per m2 | foam machine cleaning of wool carpets<\/li>\n<li>from 495,- CZK excluding VAT per m2 | vacuum machine cleaning of wool carpets<\/li>\n<li>from 395,- CZK excluding VAT per m2 | rotary cleaning \/ brushing of wool carpets<\/li>\n<\/ul>\n<ul>\n<li>from 1.450,- CZK without VAT per m2 | renovation cleaning of silk carpets<\/li>\n<li>from 1.150,- CZK excluding VAT per m2 | foam machine cleaning of silk carpets<\/li>\n<li>from 950,- CZK excluding VAT per m2 | vacuum machine cleaning of silk carpets<\/li>\n<li>from 395,- CZK excluding VAT per m2 | rotary cleaning \/ brushing of silk carpets<\/li>\n<\/ul>\n<ul>\n<li>from 40,- CZK without VAT per m2 | deodorization \/ disinfection \/ antibacterial treatment<\/li>\n<li>from 135 CZK excl. VAT per m2 | waterproofing \/ fibre protection<\/li>\n<li>from 295,- K\u010d without VAT per m2 | lanolin impregnation and carpet revival<\/li>\n<\/ul>\n<h3>Cleaning \/ impregnation \/ maintenance of sofas &#8211; armchairs &#8211; chairs<\/h3>\n<ul>\n<li>from 350,- CZK without VAT per place | deep 3-phase cleaning of textile sofas<\/li>\n<li>from 100,- CZK excluding VAT per place | impregnation and deodorization of textile sofas<\/li>\n<li>from 650,- CZK excluding VAT per place | deep 3-phase cleaning of leather seats<\/li>\n<li>from 100,- CZK excluding VAT per place | impregnation and embalming of leather seats<\/li>\n<li>from 150,- CZK excluding VAT per piece | deep 3-phase cleaning of chairs<\/li>\n<\/ul>\n<p>** Overheads \/ transport of carpets within the Czech Republic is always determined within a&nbsp;specific quotation according to the number of carpets and location.<\/p>\n<p>[\/et_pb_text][\/et_pb_column][\/et_pb_row][\/et_pb_section]<\/p>\n","protected":false},"excerpt":{"rendered":"<p>Mattress Cleaning mattress cleaning, dry mattress cleaning services are provided by the mattress cleaning company to our clients in the areas of deep mattress cleaning, steam mattress cleaning, mattress disinfection, mattress ozonation, mattress impregnation including the sale of special mattress cleaners according to your requirements in top quality according to our internal company standards, IICRC\u2122 [&hellip;]<\/p>\n","protected":false},"author":1,"featured_media":0,"parent":0,"menu_order":0,"comment_status":"closed","ping_status":"closed","template":"","meta":{"_et_pb_use_builder":"on","_et_pb_old_content":"<p>[et_pb_section fb_built=\"1\" admin_label=\"Glob\u00e1ln\u00ed nadpis\" _builder_version=\"4.27.4\" _module_preset=\"default\" background_color=\"#fafafa\" custom_padding=\"30px||30px||true|false\" border_width_top=\"1px\" border_color_top=\"#EDEDED\" border_width_bottom=\"1px\" border_color_bottom=\"#EDEDED\" global_module=\"17806\" saved_tabs=\"all\" global_colors_info=\"{}\"][et_pb_row _builder_version=\"4.27.2\" _module_preset=\"default\" global_colors_info=\"%91%93\"][et_pb_column type=\"4_4\" _builder_version=\"4.27.2\" _module_preset=\"default\" global_colors_info=\"{}\"][et_pb_text _builder_version=\"4.27.2\" _dynamic_attributes=\"content\" _module_preset=\"default\" text_font=\"|700|||||||\" header_font=\"|600||on|||||\" header_2_font=\"|600|||||||\" header_2_text_align=\"left\" header_3_text_align=\"left\" text_orientation=\"center\" header_font_size_tablet=\"\" header_font_size_phone=\"26px\" header_font_size_last_edited=\"on|phone\" global_colors_info=\"%91%93\"]@ET-DC@eyJkeW5hbWljIjp0cnVlLCJjb250ZW50IjoicG9zdF90aXRsZSIsInNldHRpbmdzIjp7ImJlZm9yZSI6IjxoMT4iLCJhZnRlciI6IjwvaDE+In19@[\/et_pb_text][\/et_pb_column][\/et_pb_row][\/et_pb_section][et_pb_section fb_built=\"1\" _builder_version=\"4.27.2\" _module_preset=\"default\" global_colors_info=\"{}\"][et_pb_row _builder_version=\"4.27.2\" _module_preset=\"default\" global_colors_info=\"%91%93\"][et_pb_column type=\"4_4\" _builder_version=\"4.27.2\" _module_preset=\"default\" global_colors_info=\"{}\"][et_pb_text _builder_version=\"4.27.4\" _module_preset=\"default\" header_font=\"|600||on|||||\" header_2_font=\"|600|||||||\" header_2_text_align=\"left\" header_3_text_align=\"left\" text_orientation=\"justified\" hover_enabled=\"0\" global_colors_info=\"%91%93\" sticky_enabled=\"0\"]<\/p><p><strong>\u010ci\u0161t\u011bn\u00ed<\/strong> matrac\u00ed, such\u00e9 \u010di\u0161t\u011bn\u00ed matrac\u00ed poskytuje \u010dist\u00edrna matrac\u00ed na\u0161im klient\u016fm v oblastech hloubkov\u00e9ho \u010di\u0161t\u011bn\u00ed matrac\u00ed, parn\u00edho \u010di\u0161t\u011bn\u00ed matrac\u00ed, dezinfekce matrac\u00ed, oz\u00f3nov\u00e1n\u00ed matrac\u00ed, impregnace matrac\u00ed v\u010detn\u011b prodeje speci\u00e1ln\u00edch \u010disti\u010d\u016f matrac\u00ed dle Va\u0161eho p\u0159\u00e1n\u00ed ve \u0161pi\u010dkov\u00e9 kvalit\u011b dle na\u0161ich intern\u00edch firemn\u00edch standard\u016f, sm\u011brnic a norem IICRC\u2122 a odborn\u011b prov\u00e1d\u011bc\u00edho syst\u00e9mu <strong>POTEMA\u00ae<\/strong>.<\/p><p><img class=\"alignnone wp-image-18497 size-full\" src=\"https:\/\/cistirna-matraci.cz\/wp-content\/uploads\/2024\/12\/Cistice-06.webp\" alt=\"Cen\u00edk\" width=\"1200\" height=\"767\" \/><\/p><p><img class=\"alignleft wp-image-17370\" src=\"https:\/\/cistirna-matraci.cz\/wp-content\/uploads\/2024\/12\/Tastickove-matrace-02.webp\" alt=\"POTEMA\" width=\"225\" height=\"65\" \/>obchodn\u00ed ochrann\u00e1 zn\u00e1mka <strong>POTEMA\u00ae<\/strong> definuje zna\u010dkov\u00fd technologick\u00fd koncept odborn\u011b zp\u016fsobil\u00e9 prov\u00e1d\u011bc\u00ed firmy FACILITY SPECIAL SERVICES\u00ae zam\u011b\u0159en\u00fd na pravidelnou \u00fadr\u017ebu, \u010di\u0161t\u011bn\u00ed, dezinfekci, impregnaci syntetick\u00fdch, p\u0159\u00edrodn\u00edch, vln\u011bn\u00fdch, hedv\u00e1bn\u00fdch a americk\u00fdch matrac\u00ed, postel\u00ed a textiln\u00edch materi\u00e1l\u016f. Tato zna\u010dkov\u00e1 koncepce p\u0159in\u00e1\u0161\u00ed maxim\u00e1ln\u00ed profesionalitu v pln\u00e9 sou\u010dinnosti se zachov\u00e1n\u00edm etick\u00fdch, ekologick\u00fdch a jakostn\u00edch prov\u00e1d\u011bc\u00edch standard\u016f v\u010detn\u011b smluvn\u00ed garance poskytovan\u00fdch slu\u017eeb zhotovitele.<\/p><p><strong>Matrace<\/strong> a sp\u00e1nek jsou dv\u011b propojen\u00e9 n\u00e1doby. Na matraci sp\u00edme v pr\u016fm\u011bru 7 hodin denn\u011b, str\u00e1v\u00edme na n\u00ed 1\/3 na\u0161eho celkov\u00e9ho \u017eivota. Standardn\u00ed matrace m\u00e1 \u017eivotnost v pr\u016fm\u011bru a\u017e 5-7 let a pr\u00e9miov\u00e1 10-15 let, co\u017e z n\u00ed d\u011bl\u00e1 nejd\u00e9le pou\u017e\u00edvan\u00fd kus n\u00e1bytku u n\u00e1s doma.<\/p><h2>Cen\u00edk slu\u017eeb<\/h2><h3>Inspekce \/ posudky \/ opravy \/ pojistn\u00e9 ud\u00e1losti<\/h3><ul><li>od 3.000,- K\u010d bez DPH | inspekce a revize matrac\u00ed<\/li><li>od 5.000,- K\u010d bez DPH | znaleck\u00e9 posudky matrac\u00ed<\/li><li>od 3.000,- K\u010d bez DPH | technick\u00e9 posudky matrac\u00ed<\/li><li>od 3.000,- K\u010d bez DPH | \u0161kodn\u00ed a pojistn\u00e9 ud\u00e1losti<\/li><\/ul><h3>Jednol\u016f\u017ekov\u00e9 matrace \/ 90-120 cm \u0161\u00ed\u0159e<\/h3><ul><li>od 1.500,- K\u010d bez DPH per ks | klep\u00e1n\u00ed \u2013 chemick\u00e9 \u010di\u0161t\u011bn\u00ed<\/li><li>od 2.000,- K\u010d bez DPH per ks | klep\u00e1n\u00ed - parn\u00ed horkovodn\u00ed \u010di\u0161t\u011bn\u00ed<\/li><li>od 2.000,- K\u010d bez DPH per ks | klep\u00e1n\u00ed - such\u00e9 p\u011bnov\u00e9 \u010di\u0161t\u011bn\u00ed<\/li><li>od 2.000,- K\u010d bez DPH per ks | dezinfekce ozonem BIO-OZON\u00ae<\/li><li>od 2.000,- K\u010d bez DPH per ks | dezinfekce \u00daV lampou POTEMA\u00ae<\/li><li>od 1.000,- K\u010d bez DPH per ks | antibakteri\u00e1ln\u00ed impregnace Dr. Schutz\u00ae<\/li><\/ul><h3>Dvoul\u016f\u017ekov\u00e9 matrace \/ 200-250 cm \u0161\u00ed\u0159e<\/h3><ul><li>od 2.500,- K\u010d bez DPH per ks | klep\u00e1n\u00ed \u2013 chemick\u00e9 \u010di\u0161t\u011bn\u00ed<\/li><li>od 3.000,- K\u010d bez DPH per ks | klep\u00e1n\u00ed - parn\u00ed horkovodn\u00ed \u010di\u0161t\u011bn\u00ed<\/li><li>od 3.000,- K\u010d bez DPH per ks | klep\u00e1n\u00ed - such\u00e9 p\u011bnov\u00e9 \u010di\u0161t\u011bn\u00ed<\/li><li>od 3.500,- K\u010d bez DPH per ks | dezinfekce ozonem BIO-OZON\u00ae<\/li><li>od 3.500,- K\u010d bez DPH per ks | dezinfekce \u00daV lampou POTEMA\u00ae<\/li><li>od 1.500,- K\u010d bez DPH per ks | antibakteri\u00e1ln\u00ed impregnace Dr. Schutz\u00ae<\/li><\/ul><h3>\u010ci\u0161t\u011bn\u00ed \/ dezinfekce \/ impregnace p\u0159\u00edrodn\u00edch koberc\u016f<\/h3><ul><li>od 750,- K\u010d bez DPH per m2 | renova\u010dn\u00ed \u010di\u0161t\u011bn\u00ed vln\u011bn\u00fdch koberc\u016f<\/li><li>od 550 ,- K\u010d bez DPH per m2 | p\u011bnov\u00e9 strojov\u00e9 \u010di\u0161t\u011bn\u00ed vln\u011bn\u00fdch koberc\u016f<\/li><li>od 495,- K\u010d bez DPH per m2 | vakuov\u00e9 strojov\u00e9 \u010di\u0161t\u011bn\u00ed vln\u011bn\u00fdch koberc\u016f<\/li><li>od 395,- K\u010d bez DPH per m2 | rota\u010dn\u00ed \u010di\u0161t\u011bn\u00ed \/ kart\u00e1\u010dov\u00e1n\u00ed vln\u011bn\u00fdch koberc\u016f<\/li><\/ul><ul><li>od 1.450,- K\u010d bez DPH per m2 | renova\u010dn\u00ed \u010di\u0161t\u011bn\u00ed hedv\u00e1bn\u00fdch koberc\u016f<\/li><li>od 1.150 ,- K\u010d bez DPH per m2 | p\u011bnov\u00e9 strojov\u00e9 \u010di\u0161t\u011bn\u00ed hedv\u00e1bn\u00fdch koberc\u016f<\/li><li>od 950,- K\u010d bez DPH per m2 | vakuov\u00e9 strojov\u00e9 \u010di\u0161t\u011bn\u00ed hedv\u00e1bn\u00fdch koberc\u016f<\/li><li>od 395,- K\u010d bez DPH per m2 | rota\u010dn\u00ed \u010di\u0161t\u011bn\u00ed \/ kart\u00e1\u010dov\u00e1n\u00ed hedv\u00e1bn\u00fdch koberc\u016f<\/li><\/ul><ul><li>od 40,- K\u010d bez DPH per m2 | dezodorace \/ dezinfekce \/ antibakteri\u00e1ln\u00ed \u00faprava<\/li><li>od 135 K\u010d bez DPH per m2 | impregnace proti vod\u011b \/ ochrana vl\u00e1kna<\/li><li>od 295,- K\u010d bez DPH per m2 | lanol\u00ednov\u00e1 impregnace a o\u017eiven\u00ed koberc\u016f<\/li><\/ul><h3>\u010ci\u0161t\u011bn\u00ed \/ impregnace \/ \u00fadr\u017eba sedac\u00edch souprav \u2013 k\u0159esel - \u017eidl\u00ed<\/h3><ul><li>od 350,- K\u010d bez DPH per m\u00edsto | hloubkov\u00e9 3-f\u00e1zov\u00e9 \u010di\u0161t\u011bn\u00ed textiln\u00edch seda\u010dek<\/li><li>od 100,- K\u010d bez DPH per m\u00edsto | impregnace a dezodorace textiln\u00edch seda\u010dek<\/li><li>od 650,- K\u010d bez DPH per m\u00edsto | hloubkov\u00e9 3-f\u00e1zov\u00e9 \u010di\u0161t\u011bn\u00ed ko\u017een\u00fdch seda\u010dek<\/li><li>od 100,- K\u010d bez DPH per m\u00edsto | impregnace a balzamov\u00e1n\u00ed ko\u017een\u00fdch seda\u010dek<\/li><li>od 150,- K\u010d bez DPH per ks | | hloubkov\u00e9 3-f\u00e1zov\u00e9 \u010di\u0161t\u011bn\u00ed \u017eidl\u00ed<\/li><\/ul><p>** Re\u017eijn\u00ed n\u00e1klady \/ p\u0159eprava koberc\u016f v r\u00e1mci \u010cesk\u00e9 republiky je v\u017edy stanovena v r\u00e1mci konkr\u00e9tn\u00ed cenov\u00e9 nab\u00eddky dle po\u010dtu ks koberc\u016f a lokality.<\/p><p>[\/et_pb_text][\/et_pb_column][\/et_pb_row][\/et_pb_section]<\/p>","_et_gb_content_width":"","inline_featured_image":false,"footnotes":""},"class_list":["post-18911","page","type-page","status-publish","hentry"],"_links":{"self":[{"href":"https:\/\/cistirna-matraci.cz\/en\/wp-json\/wp\/v2\/pages\/18911","targetHints":{"allow":["GET"]}}],"collection":[{"href":"https:\/\/cistirna-matraci.cz\/en\/wp-json\/wp\/v2\/pages"}],"about":[{"href":"https:\/\/cistirna-matraci.cz\/en\/wp-json\/wp\/v2\/types\/page"}],"author":[{"embeddable":true,"href":"https:\/\/cistirna-matraci.cz\/en\/wp-json\/wp\/v2\/users\/1"}],"replies":[{"embeddable":true,"href":"https:\/\/cistirna-matraci.cz\/en\/wp-json\/wp\/v2\/comments?post=18911"}],"version-history":[{"count":6,"href":"https:\/\/cistirna-matraci.cz\/en\/wp-json\/wp\/v2\/pages\/18911\/revisions"}],"predecessor-version":[{"id":19740,"href":"https:\/\/cistirna-matraci.cz\/en\/wp-json\/wp\/v2\/pages\/18911\/revisions\/19740"}],"wp:attachment":[{"href":"https:\/\/cistirna-matraci.cz\/en\/wp-json\/wp\/v2\/media?parent=18911"}],"curies":[{"name":"wp","href":"https:\/\/api.w.org\/{rel}","templated":true}]}}